{"id":49,"date":"2023-01-07T19:36:21","date_gmt":"2023-01-07T19:36:21","guid":{"rendered":"http:\/\/customcanerods.dk\/?page_id=49"},"modified":"2023-01-27T17:30:32","modified_gmt":"2023-01-27T17:30:32","slug":"explorer-764-4-se","status":"publish","type":"page","link":"https:\/\/customcanerods.dk\/svensk\/cane-se\/explorer-764-4-se\/","title":{"rendered":"Explorer-764-4-SE"},"content":{"rendered":"\n<div class=\"wp-block-columns alignfull is-layout-flex wp-container-4 wp-block-columns-is-layout-flex\">\n<div class=\"wp-block-column is-layout-flow wp-block-column-is-layout-flow\"><\/div>\n\n\n\n<div class=\"wp-block-column is-layout-flow wp-block-column-is-layout-flow\">\n<p class=\"has-text-align-center has-secondary-color has-text-color has-x-large-font-size\" style=\"text-decoration:underline\"><strong>Explorer 764-4<\/strong><\/p>\n<\/div>\n\n\n\n<div class=\"wp-block-column is-layout-flow wp-block-column-is-layout-flow\"><\/div>\n<\/div>\n\n\n\n<div class=\"wp-block-group alignfull has-global-padding is-layout-constrained wp-block-group-is-layout-constrained\">\n<div class=\"wp-block-columns alignfull has-secondary-background-color has-background is-layout-flex wp-container-9 wp-block-columns-is-layout-flex\">\n<div class=\"wp-block-column is-layout-flow wp-block-column-is-layout-flow\" style=\"flex-basis:10%\"><\/div>\n\n\n\n<div class=\"wp-block-column is-layout-flow wp-block-column-is-layout-flow\" style=\"flex-basis:40%\">\n<figure class=\"wp-block-image size-full\"><img decoding=\"async\" loading=\"lazy\" width=\"664\" height=\"374\" src=\"https:\/\/customcanerods.dk\/svensk\/wp-content\/uploads\/sites\/2\/2023\/01\/The_explorer_764-4.png\" alt=\"\" class=\"wp-image-474\"\/><\/figure>\n<\/div>\n\n\n\n<div class=\"wp-block-column is-vertically-aligned-center has-base-color has-text-color is-layout-flow wp-block-column-is-layout-flow\">\n<p>764-4 \u00e4r ett fyrdelat sp\u00f6, det \u00e4r 7\u00b46\u00b4\u00b4 klass 4.<br>Sp\u00f6et \u00e4r h\u00e5lbyggt, med ferrular och rullh\u00e5llare fittings i nysilver.<br>Den v\u00e4ger bara fjuttiga 100g och de fyra delarna m\u00e5ter 57,5 cm.<br>Sp\u00f6et har medium fast action med en st\u00e4rk ryggrad.<br>Detta sp\u00f6 \u00e4r gjord f\u00f6r harrfisket i Sverige.<\/p>\n<\/div>\n\n\n\n<div class=\"wp-block-column is-layout-flow wp-block-column-is-layout-flow\" style=\"flex-basis:10%\"><\/div>\n<\/div>\n<\/div>\n","protected":false},"excerpt":{"rendered":"<p>Explorer 764-4 764-4 \u00e4r ett fyrdelat sp\u00f6, det \u00e4r 7\u00b46\u00b4\u00b4 klass 4.Sp\u00f6et \u00e4r h\u00e5lbyggt, med ferrular och rullh\u00e5llare fittings i nysilver.Den v\u00e4ger bara fjuttiga 100g och de fyra delarna m\u00e5ter 57,5 cm.Sp\u00f6et har medium fast action med en st\u00e4rk ryggrad.Detta sp\u00f6 \u00e4r gjord f\u00f6r harrfisket i Sverige.<\/p>\n","protected":false},"author":1,"featured_media":0,"parent":21,"menu_order":10,"comment_status":"closed","ping_status":"closed","template":"","meta":{"footnotes":""},"_links":{"self":[{"href":"https:\/\/customcanerods.dk\/svensk\/wp-json\/wp\/v2\/pages\/49"}],"collection":[{"href":"https:\/\/customcanerods.dk\/svensk\/wp-json\/wp\/v2\/pages"}],"about":[{"href":"https:\/\/customcanerods.dk\/svensk\/wp-json\/wp\/v2\/types\/page"}],"author":[{"embeddable":true,"href":"https:\/\/customcanerods.dk\/svensk\/wp-json\/wp\/v2\/users\/1"}],"replies":[{"embeddable":true,"href":"https:\/\/customcanerods.dk\/svensk\/wp-json\/wp\/v2\/comments?post=49"}],"version-history":[{"count":4,"href":"https:\/\/customcanerods.dk\/svensk\/wp-json\/wp\/v2\/pages\/49\/revisions"}],"predecessor-version":[{"id":573,"href":"https:\/\/customcanerods.dk\/svensk\/wp-json\/wp\/v2\/pages\/49\/revisions\/573"}],"up":[{"embeddable":true,"href":"https:\/\/customcanerods.dk\/svensk\/wp-json\/wp\/v2\/pages\/21"}],"wp:attachment":[{"href":"https:\/\/customcanerods.dk\/svensk\/wp-json\/wp\/v2\/media?parent=49"}],"curies":[{"name":"wp","href":"https:\/\/api.w.org\/{rel}","templated":true}]}}