{"id":45,"date":"2023-01-07T19:35:15","date_gmt":"2023-01-07T19:35:15","guid":{"rendered":"http:\/\/customcanerods.dk\/?page_id=45"},"modified":"2023-01-28T14:26:06","modified_gmt":"2023-01-28T14:26:06","slug":"master-se","status":"publish","type":"page","link":"https:\/\/customcanerods.dk\/svensk\/cane-se\/master-se\/","title":{"rendered":"Master-SE"},"content":{"rendered":"\n<div class=\"wp-block-columns alignfull is-layout-flex wp-container-4 wp-block-columns-is-layout-flex\">\n<div class=\"wp-block-column is-layout-flow wp-block-column-is-layout-flow\"><\/div>\n\n\n\n<div class=\"wp-block-column is-layout-flow wp-block-column-is-layout-flow\">\n<p class=\"has-text-align-center has-secondary-color has-text-color has-x-large-font-size\" style=\"text-decoration:underline\"><strong>Master<\/strong><\/p>\n<\/div>\n\n\n\n<div class=\"wp-block-column is-layout-flow wp-block-column-is-layout-flow\"><\/div>\n<\/div>\n\n\n\n<div class=\"wp-block-group alignfull has-global-padding is-layout-constrained wp-block-group-is-layout-constrained\">\n<div class=\"wp-block-columns alignfull has-secondary-background-color has-background is-layout-flex wp-container-9 wp-block-columns-is-layout-flex\">\n<div class=\"wp-block-column is-layout-flow wp-block-column-is-layout-flow\" style=\"flex-basis:10%\"><\/div>\n\n\n\n<div class=\"wp-block-column is-layout-flow wp-block-column-is-layout-flow\" style=\"flex-basis:40%\">\n<figure class=\"wp-block-image size-full\"><img decoding=\"async\" loading=\"lazy\" width=\"664\" height=\"374\" src=\"https:\/\/customcanerods.dk\/svensk\/wp-content\/uploads\/sites\/2\/2023\/01\/New_master.jpg\" alt=\"\" class=\"wp-image-470\"\/><\/figure>\n<\/div>\n\n\n\n<div class=\"wp-block-column is-vertically-aligned-center is-layout-flow wp-block-column-is-layout-flow\">\n<p class=\"has-base-color has-text-color\">8\u00b4\u00b4 ren kraft i klass 6.<br>Detta \u00e4r sp\u00f6et till de dagarna d\u00e5 vinden annars tar \u00f6ver, b\u00e5de till fj\u00e4lls och i skogen.<br>Sp\u00f6et har en semiparabolsk aktion, och mycket kraft.<br>Gillar du fiska med streamers, d\u00e5 \u00e4r detta sp\u00f6et f\u00f6r dig!<\/p>\n<\/div>\n\n\n\n<div class=\"wp-block-column is-layout-flow wp-block-column-is-layout-flow\" style=\"flex-basis:10%\"><\/div>\n<\/div>\n<\/div>\n","protected":false},"excerpt":{"rendered":"<p>Master 8\u00b4\u00b4 ren kraft i klass 6.Detta \u00e4r sp\u00f6et till de dagarna d\u00e5 vinden annars tar \u00f6ver, b\u00e5de till fj\u00e4lls och i skogen.Sp\u00f6et har en semiparabolsk aktion, och mycket kraft.Gillar du fiska med streamers, d\u00e5 \u00e4r detta sp\u00f6et f\u00f6r dig!<\/p>\n","protected":false},"author":1,"featured_media":0,"parent":21,"menu_order":8,"comment_status":"closed","ping_status":"closed","template":"","meta":{"footnotes":""},"_links":{"self":[{"href":"https:\/\/customcanerods.dk\/svensk\/wp-json\/wp\/v2\/pages\/45"}],"collection":[{"href":"https:\/\/customcanerods.dk\/svensk\/wp-json\/wp\/v2\/pages"}],"about":[{"href":"https:\/\/customcanerods.dk\/svensk\/wp-json\/wp\/v2\/types\/page"}],"author":[{"embeddable":true,"href":"https:\/\/customcanerods.dk\/svensk\/wp-json\/wp\/v2\/users\/1"}],"replies":[{"embeddable":true,"href":"https:\/\/customcanerods.dk\/svensk\/wp-json\/wp\/v2\/comments?post=45"}],"version-history":[{"count":6,"href":"https:\/\/customcanerods.dk\/svensk\/wp-json\/wp\/v2\/pages\/45\/revisions"}],"predecessor-version":[{"id":578,"href":"https:\/\/customcanerods.dk\/svensk\/wp-json\/wp\/v2\/pages\/45\/revisions\/578"}],"up":[{"embeddable":true,"href":"https:\/\/customcanerods.dk\/svensk\/wp-json\/wp\/v2\/pages\/21"}],"wp:attachment":[{"href":"https:\/\/customcanerods.dk\/svensk\/wp-json\/wp\/v2\/media?parent=45"}],"curies":[{"name":"wp","href":"https:\/\/api.w.org\/{rel}","templated":true}]}}