{"id":43,"date":"2023-01-07T19:34:50","date_gmt":"2023-01-07T19:34:50","guid":{"rendered":"http:\/\/customcanerods.dk\/?page_id=43"},"modified":"2023-01-27T17:28:21","modified_gmt":"2023-01-27T17:28:21","slug":"far-and-very-fine-se","status":"publish","type":"page","link":"https:\/\/customcanerods.dk\/svensk\/cane-se\/far-and-very-fine-se\/","title":{"rendered":"Far-and-Very-Fine-SE"},"content":{"rendered":"\n<div class=\"wp-block-columns alignfull is-layout-flex wp-container-4 wp-block-columns-is-layout-flex\">\n<div class=\"wp-block-column is-layout-flow wp-block-column-is-layout-flow\"><\/div>\n\n\n\n<div class=\"wp-block-column is-layout-flow wp-block-column-is-layout-flow\">\n<p class=\"has-text-align-center has-secondary-color has-text-color has-x-large-font-size\" style=\"text-decoration:underline\"><strong>Far and Very Fine<\/strong><\/p>\n<\/div>\n\n\n\n<div class=\"wp-block-column is-layout-flow wp-block-column-is-layout-flow\"><\/div>\n<\/div>\n\n\n\n<div class=\"wp-block-group alignfull has-global-padding is-layout-constrained wp-block-group-is-layout-constrained\">\n<div class=\"wp-block-columns alignfull has-secondary-background-color has-background is-layout-flex wp-container-9 wp-block-columns-is-layout-flex\">\n<div class=\"wp-block-column is-layout-flow wp-block-column-is-layout-flow\" style=\"flex-basis:10%\"><\/div>\n\n\n\n<div class=\"wp-block-column is-layout-flow wp-block-column-is-layout-flow\" style=\"flex-basis:40%\">\n<figure class=\"wp-block-image size-full\"><img decoding=\"async\" loading=\"lazy\" width=\"664\" height=\"374\" src=\"https:\/\/customcanerods.dk\/svensk\/wp-content\/uploads\/sites\/2\/2023\/01\/far_and_very_fine_new-Kopi.jpg\" alt=\"\" class=\"wp-image-466\"\/><\/figure>\n<\/div>\n\n\n\n<div class=\"wp-block-column is-vertically-aligned-center has-base-color has-text-color is-layout-flow wp-block-column-is-layout-flow\">\n<p>Ett sp\u00f6 p\u00e5 8\u00b4\u00b4 klass 5.<br>Detta \u00e4r sp\u00f6et om du ska fiska efter stora \u00f6ringar.<br>Sp\u00f6et har en semiparabolsk aktion, vilket g\u00f6r det mycket behagligt att fiska med, en hel dag i fj\u00e4llet utan att bli tr\u00f6tt.<br>Detta sp\u00f6 kan definitivt l\u00e4gga ut ett l\u00e5ngt kast, fast det samtidigt bibeh\u00e5ller en fj\u00e4derl\u00e4tt presentation.<br>Jag har f\u00e5tt en 50 cm. v\u00e4lmata fj\u00e4ll\u00f6ring p\u00e5 detta sp\u00f6.<br>F\u00f6r dom som bara vill ha ett sp\u00f6, \u00e4r detta sp\u00f6et!<\/p>\n<\/div>\n\n\n\n<div class=\"wp-block-column is-layout-flow wp-block-column-is-layout-flow\" style=\"flex-basis:10%\"><\/div>\n<\/div>\n<\/div>\n","protected":false},"excerpt":{"rendered":"<p>Far and Very Fine Ett sp\u00f6 p\u00e5 8\u00b4\u00b4 klass 5.Detta \u00e4r sp\u00f6et om du ska fiska efter stora \u00f6ringar.Sp\u00f6et har en semiparabolsk aktion, vilket g\u00f6r det mycket behagligt att fiska med, en hel dag i fj\u00e4llet utan att bli tr\u00f6tt.Detta sp\u00f6 kan definitivt l\u00e4gga ut ett l\u00e5ngt kast, fast det samtidigt bibeh\u00e5ller en fj\u00e4derl\u00e4tt presentation.Jag [&hellip;]<\/p>\n","protected":false},"author":1,"featured_media":0,"parent":21,"menu_order":7,"comment_status":"closed","ping_status":"closed","template":"","meta":{"footnotes":""},"_links":{"self":[{"href":"https:\/\/customcanerods.dk\/svensk\/wp-json\/wp\/v2\/pages\/43"}],"collection":[{"href":"https:\/\/customcanerods.dk\/svensk\/wp-json\/wp\/v2\/pages"}],"about":[{"href":"https:\/\/customcanerods.dk\/svensk\/wp-json\/wp\/v2\/types\/page"}],"author":[{"embeddable":true,"href":"https:\/\/customcanerods.dk\/svensk\/wp-json\/wp\/v2\/users\/1"}],"replies":[{"embeddable":true,"href":"https:\/\/customcanerods.dk\/svensk\/wp-json\/wp\/v2\/comments?post=43"}],"version-history":[{"count":4,"href":"https:\/\/customcanerods.dk\/svensk\/wp-json\/wp\/v2\/pages\/43\/revisions"}],"predecessor-version":[{"id":569,"href":"https:\/\/customcanerods.dk\/svensk\/wp-json\/wp\/v2\/pages\/43\/revisions\/569"}],"up":[{"embeddable":true,"href":"https:\/\/customcanerods.dk\/svensk\/wp-json\/wp\/v2\/pages\/21"}],"wp:attachment":[{"href":"https:\/\/customcanerods.dk\/svensk\/wp-json\/wp\/v2\/media?parent=43"}],"curies":[{"name":"wp","href":"https:\/\/api.w.org\/{rel}","templated":true}]}}