{"id":41,"date":"2023-01-07T19:34:24","date_gmt":"2023-01-07T19:34:24","guid":{"rendered":"http:\/\/customcanerods.dk\/?page_id=41"},"modified":"2023-02-01T18:41:45","modified_gmt":"2023-02-01T18:41:45","slug":"parabolic-special-se","status":"publish","type":"page","link":"https:\/\/customcanerods.dk\/svensk\/cane-se\/parabolic-special-se\/","title":{"rendered":"Parabolic-Special-SE"},"content":{"rendered":"\n<div class=\"wp-block-columns alignfull is-layout-flex wp-container-4 wp-block-columns-is-layout-flex\">\n<div class=\"wp-block-column is-layout-flow wp-block-column-is-layout-flow\"><\/div>\n\n\n\n<div class=\"wp-block-column is-layout-flow wp-block-column-is-layout-flow\">\n<p class=\"has-text-align-center has-secondary-color has-text-color has-x-large-font-size\" style=\"text-decoration:underline\"><strong>Parabolic Special<\/strong><\/p>\n<\/div>\n\n\n\n<div class=\"wp-block-column is-layout-flow wp-block-column-is-layout-flow\"><\/div>\n<\/div>\n\n\n\n<div class=\"wp-block-group alignfull has-global-padding is-layout-constrained wp-block-group-is-layout-constrained\">\n<div class=\"wp-block-columns alignfull has-secondary-background-color has-background is-layout-flex wp-container-9 wp-block-columns-is-layout-flex\">\n<div class=\"wp-block-column is-layout-flow wp-block-column-is-layout-flow\" style=\"flex-basis:10%\"><\/div>\n\n\n\n<div class=\"wp-block-column is-layout-flow wp-block-column-is-layout-flow\" style=\"flex-basis:40%\">\n<figure class=\"wp-block-image size-full\"><img decoding=\"async\" loading=\"lazy\" width=\"664\" height=\"374\" src=\"https:\/\/customcanerods.dk\/svensk\/wp-content\/uploads\/sites\/2\/2023\/01\/Parabolic.jpg\" alt=\"\" class=\"wp-image-471\"\/><\/figure>\n<\/div>\n\n\n\n<div class=\"wp-block-column is-vertically-aligned-center is-layout-flow wp-block-column-is-layout-flow\">\n<p class=\"has-base-color has-text-color\">Parabolic Special \u00e4r 8\u00b4med \u00e4kta parabolsk action, och kastar o\u00e4rh\u00f6rt bra med en 4 och 5 lina.<\/p>\n\n\n\n<p class=\"has-base-color has-text-color\">Detta sp\u00f6 \u00e4r s\u00e5 let kastat, att det k\u00e4nns som att sp\u00f6et g\u00f6r jobbet av sig sj\u00e4lv.<\/p>\n<\/div>\n\n\n\n<div class=\"wp-block-column is-layout-flow wp-block-column-is-layout-flow\" style=\"flex-basis:10%\"><\/div>\n<\/div>\n<\/div>\n","protected":false},"excerpt":{"rendered":"<p>Parabolic Special Parabolic Special \u00e4r 8\u00b4med \u00e4kta parabolsk action, och kastar o\u00e4rh\u00f6rt bra med en 4 och 5 lina. Detta sp\u00f6 \u00e4r s\u00e5 let kastat, att det k\u00e4nns som att sp\u00f6et g\u00f6r jobbet av sig sj\u00e4lv.<\/p>\n","protected":false},"author":1,"featured_media":0,"parent":21,"menu_order":6,"comment_status":"closed","ping_status":"closed","template":"","meta":{"footnotes":""},"_links":{"self":[{"href":"https:\/\/customcanerods.dk\/svensk\/wp-json\/wp\/v2\/pages\/41"}],"collection":[{"href":"https:\/\/customcanerods.dk\/svensk\/wp-json\/wp\/v2\/pages"}],"about":[{"href":"https:\/\/customcanerods.dk\/svensk\/wp-json\/wp\/v2\/types\/page"}],"author":[{"embeddable":true,"href":"https:\/\/customcanerods.dk\/svensk\/wp-json\/wp\/v2\/users\/1"}],"replies":[{"embeddable":true,"href":"https:\/\/customcanerods.dk\/svensk\/wp-json\/wp\/v2\/comments?post=41"}],"version-history":[{"count":7,"href":"https:\/\/customcanerods.dk\/svensk\/wp-json\/wp\/v2\/pages\/41\/revisions"}],"predecessor-version":[{"id":581,"href":"https:\/\/customcanerods.dk\/svensk\/wp-json\/wp\/v2\/pages\/41\/revisions\/581"}],"up":[{"embeddable":true,"href":"https:\/\/customcanerods.dk\/svensk\/wp-json\/wp\/v2\/pages\/21"}],"wp:attachment":[{"href":"https:\/\/customcanerods.dk\/svensk\/wp-json\/wp\/v2\/media?parent=41"}],"curies":[{"name":"wp","href":"https:\/\/api.w.org\/{rel}","templated":true}]}}