{"id":35,"date":"2023-01-07T19:32:58","date_gmt":"2023-01-07T19:32:58","guid":{"rendered":"http:\/\/customcanerods.dk\/?page_id=35"},"modified":"2023-01-27T17:23:52","modified_gmt":"2023-01-27T17:23:52","slug":"midge-se","status":"publish","type":"page","link":"https:\/\/customcanerods.dk\/svensk\/cane-se\/midge-se\/","title":{"rendered":"Midge-SE"},"content":{"rendered":"\n<div class=\"wp-block-columns alignfull is-layout-flex wp-container-4 wp-block-columns-is-layout-flex\">\n<div class=\"wp-block-column is-layout-flow wp-block-column-is-layout-flow\"><\/div>\n\n\n\n<div class=\"wp-block-column is-layout-flow wp-block-column-is-layout-flow\">\n<p class=\"has-text-align-center has-secondary-color has-text-color has-x-large-font-size\" style=\"text-decoration:underline\"><strong>Midge<\/strong><\/p>\n<\/div>\n\n\n\n<div class=\"wp-block-column is-layout-flow wp-block-column-is-layout-flow\"><\/div>\n<\/div>\n\n\n\n<div class=\"wp-block-group alignfull has-global-padding is-layout-constrained wp-block-group-is-layout-constrained\">\n<div class=\"wp-block-columns alignfull has-secondary-background-color has-background is-layout-flex wp-container-9 wp-block-columns-is-layout-flex\">\n<div class=\"wp-block-column is-layout-flow wp-block-column-is-layout-flow\" style=\"flex-basis:10%\"><\/div>\n\n\n\n<div class=\"wp-block-column is-layout-flow wp-block-column-is-layout-flow\" style=\"flex-basis:40%\">\n<figure class=\"wp-block-image size-full\"><img decoding=\"async\" loading=\"lazy\" width=\"664\" height=\"374\" src=\"https:\/\/customcanerods.dk\/svensk\/wp-content\/uploads\/sites\/2\/2023\/01\/The_Midge_Taper.jpg\" alt=\"\" class=\"wp-image-475\"\/><\/figure>\n<\/div>\n\n\n\n<div class=\"wp-block-column is-vertically-aligned-center has-base-color has-text-color is-layout-flow wp-block-column-is-layout-flow\">\n<p>Detta sp\u00f6 \u00e4r en av Paul H. Youngs mycket ber\u00f6mta taperingar.<br>Sp\u00f6et \u00e4r 6\u00b43\u00b4\u00b4 klass 4.<br>Taperingen \u00e4r semi parabolsk, dvs. En lite kraftigare topp, med en relativ styv mitdel tillsammans med den mjuka b\u00f6jningen i bottendelen som k\u00e4nns \u00e4nda ner i handtaget.<br>Detta sp\u00f6 passar perfekt om man st\u00e5r utvadat i en mindre \u00e4lv, d\u00e4r ett l\u00e5ngt sp\u00f6 inte \u00e4r n\u00f6dv\u00e4ndigt.<br>Detta sp\u00f6 presenterar flugan delikat och pr\u00e4cist vid l\u00e5nga och korta kast.<br>Personligen har jag landat en 49 cm. Harr i str\u00f6mmande vatten, i norra Sverige, med detta sp\u00f6.<\/p>\n<\/div>\n\n\n\n<div class=\"wp-block-column is-layout-flow wp-block-column-is-layout-flow\" style=\"flex-basis:10%\"><\/div>\n<\/div>\n<\/div>\n","protected":false},"excerpt":{"rendered":"<p>Midge Detta sp\u00f6 \u00e4r en av Paul H. Youngs mycket ber\u00f6mta taperingar.Sp\u00f6et \u00e4r 6\u00b43\u00b4\u00b4 klass 4.Taperingen \u00e4r semi parabolsk, dvs. En lite kraftigare topp, med en relativ styv mitdel tillsammans med den mjuka b\u00f6jningen i bottendelen som k\u00e4nns \u00e4nda ner i handtaget.Detta sp\u00f6 passar perfekt om man st\u00e5r utvadat i en mindre \u00e4lv, d\u00e4r ett [&hellip;]<\/p>\n","protected":false},"author":1,"featured_media":0,"parent":21,"menu_order":3,"comment_status":"closed","ping_status":"closed","template":"","meta":{"footnotes":""},"_links":{"self":[{"href":"https:\/\/customcanerods.dk\/svensk\/wp-json\/wp\/v2\/pages\/35"}],"collection":[{"href":"https:\/\/customcanerods.dk\/svensk\/wp-json\/wp\/v2\/pages"}],"about":[{"href":"https:\/\/customcanerods.dk\/svensk\/wp-json\/wp\/v2\/types\/page"}],"author":[{"embeddable":true,"href":"https:\/\/customcanerods.dk\/svensk\/wp-json\/wp\/v2\/users\/1"}],"replies":[{"embeddable":true,"href":"https:\/\/customcanerods.dk\/svensk\/wp-json\/wp\/v2\/comments?post=35"}],"version-history":[{"count":4,"href":"https:\/\/customcanerods.dk\/svensk\/wp-json\/wp\/v2\/pages\/35\/revisions"}],"predecessor-version":[{"id":562,"href":"https:\/\/customcanerods.dk\/svensk\/wp-json\/wp\/v2\/pages\/35\/revisions\/562"}],"up":[{"embeddable":true,"href":"https:\/\/customcanerods.dk\/svensk\/wp-json\/wp\/v2\/pages\/21"}],"wp:attachment":[{"href":"https:\/\/customcanerods.dk\/svensk\/wp-json\/wp\/v2\/media?parent=35"}],"curies":[{"name":"wp","href":"https:\/\/api.w.org\/{rel}","templated":true}]}}