{"id":33,"date":"2023-01-07T19:32:36","date_gmt":"2023-01-07T19:32:36","guid":{"rendered":"http:\/\/customcanerods.dk\/?page_id=33"},"modified":"2023-01-27T17:23:29","modified_gmt":"2023-01-27T17:23:29","slug":"hollow-trico-se","status":"publish","type":"page","link":"https:\/\/customcanerods.dk\/svensk\/cane-se\/hollow-trico-se\/","title":{"rendered":"Hollow-Trico-SE"},"content":{"rendered":"\n<div class=\"wp-block-columns alignfull is-layout-flex wp-container-4 wp-block-columns-is-layout-flex\">\n<div class=\"wp-block-column is-layout-flow wp-block-column-is-layout-flow\"><\/div>\n\n\n\n<div class=\"wp-block-column is-layout-flow wp-block-column-is-layout-flow\">\n<p class=\"has-text-align-center has-secondary-color has-text-color has-x-large-font-size\" style=\"text-decoration:underline\"><strong>Hollow Trico<\/strong><\/p>\n<\/div>\n\n\n\n<div class=\"wp-block-column is-layout-flow wp-block-column-is-layout-flow\"><\/div>\n<\/div>\n\n\n\n<div class=\"wp-block-group alignfull has-global-padding is-layout-constrained wp-block-group-is-layout-constrained\">\n<div class=\"wp-block-columns alignfull has-secondary-background-color has-background is-layout-flex wp-container-9 wp-block-columns-is-layout-flex\">\n<div class=\"wp-block-column is-layout-flow wp-block-column-is-layout-flow\" style=\"flex-basis:10%\"><\/div>\n\n\n\n<div class=\"wp-block-column is-layout-flow wp-block-column-is-layout-flow\" style=\"flex-basis:40%\">\n<figure class=\"wp-block-image size-full\"><img decoding=\"async\" loading=\"lazy\" width=\"664\" height=\"374\" src=\"https:\/\/customcanerods.dk\/svensk\/wp-content\/uploads\/sites\/2\/2023\/01\/Hollow_Trico.jpg\" alt=\"\" class=\"wp-image-469\"\/><\/figure>\n<\/div>\n\n\n\n<div class=\"wp-block-column is-vertically-aligned-center has-base-color has-text-color is-layout-flow wp-block-column-is-layout-flow\">\n<p>\u00c4r ett 7&#8242; klass 3 sp\u00f6.<br>Detta sp\u00f6 har en medium fast aktion, och en progressiv tapering, dvs. Att jo mera sp\u00f6et belastas, desto djupare jobbar sp\u00f6et.<br>Sp\u00f6et \u00e4r h\u00e5lbyggt, och med nysilver hardware v\u00e4ger det enbart 80 gram!<br>Jag har designat sp\u00f6et till fiske i mindre vattendrag, d\u00e4r pr\u00e4cisionen \u00e4r ett absolut m\u00e5ste.<br>Men beh\u00f6vs det kastar sp\u00f6et utan problem 18 meter lina, plus en 12 fots tafs.<br>Jag har sj\u00e4lv f\u00e5tt en fin \u00f6ring p\u00e5 35cm p\u00e5 sp\u00f6et och det \u00e4r inga problem.<\/p>\n<\/div>\n\n\n\n<div class=\"wp-block-column is-layout-flow wp-block-column-is-layout-flow\" style=\"flex-basis:10%\"><\/div>\n<\/div>\n<\/div>\n","protected":false},"excerpt":{"rendered":"<p>Hollow Trico \u00c4r ett 7&#8242; klass 3 sp\u00f6.Detta sp\u00f6 har en medium fast aktion, och en progressiv tapering, dvs. Att jo mera sp\u00f6et belastas, desto djupare jobbar sp\u00f6et.Sp\u00f6et \u00e4r h\u00e5lbyggt, och med nysilver hardware v\u00e4ger det enbart 80 gram!Jag har designat sp\u00f6et till fiske i mindre vattendrag, d\u00e4r pr\u00e4cisionen \u00e4r ett absolut m\u00e5ste.Men beh\u00f6vs det [&hellip;]<\/p>\n","protected":false},"author":1,"featured_media":0,"parent":21,"menu_order":2,"comment_status":"closed","ping_status":"closed","template":"","meta":{"footnotes":""},"_links":{"self":[{"href":"https:\/\/customcanerods.dk\/svensk\/wp-json\/wp\/v2\/pages\/33"}],"collection":[{"href":"https:\/\/customcanerods.dk\/svensk\/wp-json\/wp\/v2\/pages"}],"about":[{"href":"https:\/\/customcanerods.dk\/svensk\/wp-json\/wp\/v2\/types\/page"}],"author":[{"embeddable":true,"href":"https:\/\/customcanerods.dk\/svensk\/wp-json\/wp\/v2\/users\/1"}],"replies":[{"embeddable":true,"href":"https:\/\/customcanerods.dk\/svensk\/wp-json\/wp\/v2\/comments?post=33"}],"version-history":[{"count":5,"href":"https:\/\/customcanerods.dk\/svensk\/wp-json\/wp\/v2\/pages\/33\/revisions"}],"predecessor-version":[{"id":561,"href":"https:\/\/customcanerods.dk\/svensk\/wp-json\/wp\/v2\/pages\/33\/revisions\/561"}],"up":[{"embeddable":true,"href":"https:\/\/customcanerods.dk\/svensk\/wp-json\/wp\/v2\/pages\/21"}],"wp:attachment":[{"href":"https:\/\/customcanerods.dk\/svensk\/wp-json\/wp\/v2\/media?parent=33"}],"curies":[{"name":"wp","href":"https:\/\/api.w.org\/{rel}","templated":true}]}}