{"id":23,"date":"2023-01-07T19:30:18","date_gmt":"2023-01-07T19:30:18","guid":{"rendered":"http:\/\/customcanerods.dk\/?page_id=23"},"modified":"2025-08-10T09:36:31","modified_gmt":"2025-08-10T09:36:31","slug":"price-se","status":"publish","type":"page","link":"https:\/\/customcanerods.dk\/svensk\/price-se\/","title":{"rendered":"Price-SE"},"content":{"rendered":"\n<div class=\"wp-block-columns alignfull has-secondary-background-color has-background is-layout-flex wp-container-5 wp-block-columns-is-layout-flex\">\n<div class=\"wp-block-column is-layout-flow wp-block-column-is-layout-flow\" style=\"flex-basis:10%\"><\/div>\n\n\n\n<div class=\"wp-block-column is-layout-flow wp-block-column-is-layout-flow\" style=\"flex-basis:80%\">\n<div class=\"wp-block-cover is-light\"><span aria-hidden=\"true\" class=\"wp-block-cover__background has-background-dim-0 has-background-dim\"><\/span><img decoding=\"async\" loading=\"lazy\" width=\"800\" height=\"532\" class=\"wp-block-cover__image-background wp-image-449\" alt=\"\" src=\"https:\/\/customcanerods.dk\/svensk\/wp-content\/uploads\/sites\/2\/2023\/01\/vikling-handtag.jpg\" data-object-fit=\"cover\" srcset=\"https:\/\/customcanerods.dk\/svensk\/wp-content\/uploads\/sites\/2\/2023\/01\/vikling-handtag.jpg 800w, https:\/\/customcanerods.dk\/svensk\/wp-content\/uploads\/sites\/2\/2023\/01\/vikling-handtag-768x511.jpg 768w\" sizes=\"(max-width: 800px) 100vw, 800px\" \/><div class=\"wp-block-cover__inner-container is-layout-flow wp-block-cover-is-layout-flow\">\n<p class=\"has-text-align-center has-base-color has-text-color has-xx-large-font-size\"><strong>Prislista<\/strong><\/p>\n<\/div><\/div>\n<\/div>\n\n\n\n<div class=\"wp-block-column is-layout-flow wp-block-column-is-layout-flow\" style=\"flex-basis:10%\"><\/div>\n<\/div>\n\n\n\n<div class=\"wp-block-columns alignfull is-layout-flex wp-container-9 wp-block-columns-is-layout-flex\">\n<div class=\"wp-block-column is-layout-flow wp-block-column-is-layout-flow\" style=\"flex-basis:15%\"><\/div>\n\n\n\n<div class=\"wp-block-column is-layout-flow wp-block-column-is-layout-flow\" style=\"flex-basis:70%\">\n<p class=\"has-secondary-color has-text-color has-large-font-size\"><strong>Flug Sp\u00f6n <\/strong><\/p>\n<\/div>\n\n\n\n<div class=\"wp-block-column is-layout-flow wp-block-column-is-layout-flow\" style=\"flex-basis:15%\"><\/div>\n<\/div>\n\n\n\n<div class=\"wp-block-columns alignfull is-layout-flex wp-container-13 wp-block-columns-is-layout-flex\">\n<div class=\"wp-block-column is-layout-flow wp-block-column-is-layout-flow\" style=\"flex-basis:15.1%\"><\/div>\n\n\n\n<div class=\"wp-block-column is-layout-flow wp-block-column-is-layout-flow\" style=\"flex-basis:70%\">\n<figure class=\"wp-block-table is-style-regular has-small-font-size\"><table class=\"has-secondary-color has-text-color\"><thead><tr><th>Beskrivning<\/th><th class=\"has-text-align-right\" data-align=\"right\">Pris <\/th><\/tr><\/thead><tbody><tr><td>Tv\u00e5 delade splitcane flugsp\u00f6n fr\u00e5n 6\u00b43\u00b4\u00b4 til 8\u00b4i klass #3 til #6.<br>Nysilver ferrule, chrome snake ringar och Sic. linf\u00f6rar.<br>Standard rullf\u00e4sten m. tr\u00e4slag.<br>Valfritt kork handtag ( full Wells, half Wells, cigar ect. ) Nylon lindinger i valfritt f\u00e4rg<\/td><td class=\"has-text-align-right\" data-align=\"right\">SEK. 8.100,00<\/td><\/tr><tr><td>Tv\u00e5 delad h\u00e5lbyggd 7\u00b4#3 <br>Tv\u00e5 delad h\u00e5lbygd Milton Special 7&#8217;10&#8221; #4<br>med nysilver ferrule &amp; kork rullf\u00e4ste m. sliderings<\/td><td class=\"has-text-align-right\" data-align=\"right\">SEK. 8.900,00<\/td><\/tr><tr><td>Fyra delad h\u00e5lbyggd 7\u00b46\u00b4\u00b4 #4 <br>med nysilver ferruler &amp; up\/downlocking rullf\u00e4ste med slidering<\/td><td class=\"has-text-align-right\" data-align=\"right\">SEK. 11.400,00<\/td><\/tr><\/tbody><\/table><\/figure>\n<\/div>\n\n\n\n<div class=\"wp-block-column is-layout-flow wp-block-column-is-layout-flow\" style=\"border-style:none;border-width:0px;flex-basis:15%\"><\/div>\n<\/div>\n\n\n\n<div class=\"wp-block-columns alignfull is-layout-flex wp-container-17 wp-block-columns-is-layout-flex\">\n<div class=\"wp-block-column is-layout-flow wp-block-column-is-layout-flow\" style=\"flex-basis:25%\"><\/div>\n\n\n\n<div class=\"wp-block-column is-layout-flow wp-block-column-is-layout-flow\" style=\"flex-basis:50%\">\n<p class=\"has-text-align-center has-secondary-color has-text-color has-medium-font-size\"><strong>OBS!!! ALLA SP\u00d6N LEVERERAS MED TYGFODRAL<\/strong><\/p>\n<\/div>\n\n\n\n<div class=\"wp-block-column is-layout-flow wp-block-column-is-layout-flow\" style=\"flex-basis:25%\"><\/div>\n<\/div>\n\n\n\n<div class=\"wp-block-columns alignfull is-layout-flex wp-container-21 wp-block-columns-is-layout-flex\">\n<div class=\"wp-block-column is-layout-flow wp-block-column-is-layout-flow\" style=\"flex-basis:15%\"><\/div>\n\n\n\n<div class=\"wp-block-column is-layout-flow wp-block-column-is-layout-flow\" style=\"flex-basis:70%\">\n<p class=\"has-secondary-color has-text-color has-large-font-size\">Customisering<\/p>\n<\/div>\n\n\n\n<div class=\"wp-block-column is-layout-flow wp-block-column-is-layout-flow\" style=\"flex-basis:15%\"><\/div>\n<\/div>\n\n\n\n<div class=\"wp-block-columns alignfull is-layout-flex wp-container-25 wp-block-columns-is-layout-flex\">\n<div class=\"wp-block-column is-layout-flow wp-block-column-is-layout-flow\" style=\"flex-basis:15%\"><\/div>\n\n\n\n<div class=\"wp-block-column is-layout-flow wp-block-column-is-layout-flow\" style=\"flex-basis:70%\">\n<figure class=\"wp-block-table has-small-font-size\"><table class=\"has-secondary-color has-text-color\"><thead><tr><th>Beskrivning<\/th><th class=\"has-text-align-right\" data-align=\"right\">Pris<\/th><\/tr><\/thead><tbody><tr><td>Rullf\u00e4sten i \u00e4deltr\u00e4 m. up\/downlocking i nysilver<\/td><td class=\"has-text-align-right\" data-align=\"right\">SEK. 610,00<\/td><\/tr><tr><td>Rullf\u00e4sten i \u00e4deltr\u00e4 m. inl\u00e4gg av kork och nysilver slidering<\/td><td class=\"has-text-align-right\" data-align=\"right\">SEK. 770,00<\/td><\/tr><tr><td>Sp\u00f6lindinger i \u00e4kta silke<\/td><td class=\"has-text-align-right\" data-align=\"right\">SEK. 150,00<\/td><\/tr><tr><td>Tippet lindinger i kontrast f\u00e4rg<\/td><td class=\"has-text-align-right\" data-align=\"right\">SEK. 300,00<\/td><\/tr><tr><td>Linf\u00f6re i tungsten (som i \u00e4ldre tider)<\/td><td class=\"has-text-align-right\" data-align=\"right\">SEK. 150,00<\/td><\/tr><tr><td>Linf\u00f6re i agat infattad i nickelsilver<\/td><td class=\"has-text-align-right\" data-align=\"right\">SEK. 460,00<\/td><\/tr><\/tbody><\/table><\/figure>\n<\/div>\n\n\n\n<div class=\"wp-block-column is-layout-flow wp-block-column-is-layout-flow\" style=\"flex-basis:15%\"><\/div>\n<\/div>\n\n\n\n<div class=\"wp-block-columns alignfull is-layout-flex wp-container-29 wp-block-columns-is-layout-flex\">\n<div class=\"wp-block-column is-layout-flow wp-block-column-is-layout-flow\" style=\"flex-basis:25%\"><\/div>\n\n\n\n<div class=\"wp-block-column is-layout-flow wp-block-column-is-layout-flow\" style=\"flex-basis:50%\">\n<p class=\"has-text-align-center has-secondary-color has-text-color has-medium-font-size\"><strong>Sp\u00f6n kan levereras med extra topp for mer pris<\/strong><\/p>\n<\/div>\n\n\n\n<div class=\"wp-block-column is-layout-flow wp-block-column-is-layout-flow\" style=\"flex-basis:25%\"><\/div>\n<\/div>\n","protected":false},"excerpt":{"rendered":"<p>Flug Sp\u00f6n Beskrivning Pris Tv\u00e5 delade splitcane flugsp\u00f6n fr\u00e5n 6\u00b43\u00b4\u00b4 til 8\u00b4i klass #3 til #6.Nysilver ferrule, chrome snake ringar och Sic. linf\u00f6rar.Standard rullf\u00e4sten m. tr\u00e4slag.Valfritt kork handtag ( full Wells, half Wells, cigar ect. ) Nylon lindinger i valfritt f\u00e4rg SEK. 8.100,00 Tv\u00e5 delad h\u00e5lbyggd 7\u00b4#3 Tv\u00e5 delad h\u00e5lbygd Milton Special 7&#8217;10&#8221; #4med nysilver [&hellip;]<\/p>\n","protected":false},"author":1,"featured_media":0,"parent":0,"menu_order":0,"comment_status":"closed","ping_status":"closed","template":"","meta":{"footnotes":""},"_links":{"self":[{"href":"https:\/\/customcanerods.dk\/svensk\/wp-json\/wp\/v2\/pages\/23"}],"collection":[{"href":"https:\/\/customcanerods.dk\/svensk\/wp-json\/wp\/v2\/pages"}],"about":[{"href":"https:\/\/customcanerods.dk\/svensk\/wp-json\/wp\/v2\/types\/page"}],"author":[{"embeddable":true,"href":"https:\/\/customcanerods.dk\/svensk\/wp-json\/wp\/v2\/users\/1"}],"replies":[{"embeddable":true,"href":"https:\/\/customcanerods.dk\/svensk\/wp-json\/wp\/v2\/comments?post=23"}],"version-history":[{"count":5,"href":"https:\/\/customcanerods.dk\/svensk\/wp-json\/wp\/v2\/pages\/23\/revisions"}],"predecessor-version":[{"id":585,"href":"https:\/\/customcanerods.dk\/svensk\/wp-json\/wp\/v2\/pages\/23\/revisions\/585"}],"wp:attachment":[{"href":"https:\/\/customcanerods.dk\/svensk\/wp-json\/wp\/v2\/media?parent=23"}],"curies":[{"name":"wp","href":"https:\/\/api.w.org\/{rel}","templated":true}]}}