{"id":19,"date":"2023-01-07T19:29:37","date_gmt":"2023-01-07T19:29:37","guid":{"rendered":"http:\/\/customcanerods.dk\/?page_id=19"},"modified":"2023-01-22T15:46:28","modified_gmt":"2023-01-22T15:46:28","slug":"home-dk","status":"publish","type":"page","link":"https:\/\/customcanerods.dk\/svensk\/","title":{"rendered":"Home-SE"},"content":{"rendered":"\n<div class=\"wp-block-cover alignfull\" style=\"font-size:clamp(2.2rem, 2.2rem + ((1vw - 0.2rem) * 3.273), 4rem);min-height:430px\"><span aria-hidden=\"true\" class=\"wp-block-cover__background has-background-dim-20 has-background-dim\"><\/span><img decoding=\"async\" loading=\"lazy\" width=\"2272\" height=\"1704\" class=\"wp-block-cover__image-background wp-image-441\" alt=\"\" src=\"https:\/\/customcanerods.dk\/svensk\/wp-content\/uploads\/sites\/2\/2023\/01\/stang-flueaeske-orred.jpg\" data-object-fit=\"cover\" srcset=\"https:\/\/customcanerods.dk\/svensk\/wp-content\/uploads\/sites\/2\/2023\/01\/stang-flueaeske-orred.jpg 2272w, https:\/\/customcanerods.dk\/svensk\/wp-content\/uploads\/sites\/2\/2023\/01\/stang-flueaeske-orred-768x576.jpg 768w, https:\/\/customcanerods.dk\/svensk\/wp-content\/uploads\/sites\/2\/2023\/01\/stang-flueaeske-orred-1536x1152.jpg 1536w, https:\/\/customcanerods.dk\/svensk\/wp-content\/uploads\/sites\/2\/2023\/01\/stang-flueaeske-orred-2048x1536.jpg 2048w\" sizes=\"(max-width: 2272px) 100vw, 2272px\" \/><div class=\"wp-block-cover__inner-container is-layout-flow wp-block-cover-is-layout-flow\">\n<p class=\"has-text-align-center\" style=\"font-size:clamp(2.2rem, 2.2rem + ((1vw - 0.2rem) * 3.273), 4rem);\"><strong>V\u00e4lkommen til<\/strong> <\/p>\n\n\n\n<p class=\"has-text-align-center\" style=\"font-size:clamp(2.2rem, 2.2rem + ((1vw - 0.2rem) * 3.273), 4rem);\"><strong>JR Custom Cane Rods<\/strong><\/p>\n\n\n\n<p>t<\/p>\n<\/div><\/div>\n\n\n\n<div class=\"wp-block-columns alignfull is-layout-flex wp-container-5 wp-block-columns-is-layout-flex\">\n<div class=\"wp-block-column is-layout-flow wp-block-column-is-layout-flow\" style=\"flex-basis:25%\"><\/div>\n\n\n\n<div class=\"wp-block-column has-secondary-color has-text-color is-layout-flow wp-block-column-is-layout-flow\" style=\"flex-basis:50%\">\n<p>Som namnet custom antyder, framst\u00e4ller jag DITT splitcane flugsp\u00f6, exact som du vill ha den. Du har kanske ett \u00f6nske om specifika f\u00e4rger p\u00e5 linningarna eller ocks\u00e5 vill du att alla linningarna ska g\u00f6ras med \u00e4gta silke. Du vill kanske han ett speciellt rullf\u00e4ste med kork inl\u00e4gg och titanium hardware. Har du en specifik tapering du absolut inte kan leva utan, d\u00e5 framst\u00e4llar jag den. Alltid i topp kvalitet!<\/p>\n\n\n\n<p>H\u00e4r under kan du se mitt urvalg av flugsp\u00f6n fr\u00e5n klass 3 till klass 6, som fungerar utm\u00e4rkt till b\u00e5de b\u00e4ck och \u00e4lv.<\/p>\n\n\n\n<p>Dom b\u00e4sta flugfiske h\u00e4lsningar <\/p>\n\n\n\n<p>Jens Ryhl.<\/p>\n<\/div>\n\n\n\n<div class=\"wp-block-column is-layout-flow wp-block-column-is-layout-flow\" style=\"flex-basis:25%\"><\/div>\n<\/div>\n","protected":false},"excerpt":{"rendered":"<p>Som namnet custom antyder, framst\u00e4ller jag DITT splitcane flugsp\u00f6, exact som du vill ha den. Du har kanske ett \u00f6nske om specifika f\u00e4rger p\u00e5 linningarna eller ocks\u00e5 vill du att alla linningarna ska g\u00f6ras med \u00e4gta silke. Du vill kanske han ett speciellt rullf\u00e4ste med kork inl\u00e4gg och titanium hardware. Har du en specifik tapering [&hellip;]<\/p>\n","protected":false},"author":1,"featured_media":0,"parent":0,"menu_order":0,"comment_status":"closed","ping_status":"closed","template":"","meta":{"footnotes":""},"_links":{"self":[{"href":"https:\/\/customcanerods.dk\/svensk\/wp-json\/wp\/v2\/pages\/19"}],"collection":[{"href":"https:\/\/customcanerods.dk\/svensk\/wp-json\/wp\/v2\/pages"}],"about":[{"href":"https:\/\/customcanerods.dk\/svensk\/wp-json\/wp\/v2\/types\/page"}],"author":[{"embeddable":true,"href":"https:\/\/customcanerods.dk\/svensk\/wp-json\/wp\/v2\/users\/1"}],"replies":[{"embeddable":true,"href":"https:\/\/customcanerods.dk\/svensk\/wp-json\/wp\/v2\/comments?post=19"}],"version-history":[{"count":3,"href":"https:\/\/customcanerods.dk\/svensk\/wp-json\/wp\/v2\/pages\/19\/revisions"}],"predecessor-version":[{"id":530,"href":"https:\/\/customcanerods.dk\/svensk\/wp-json\/wp\/v2\/pages\/19\/revisions\/530"}],"wp:attachment":[{"href":"https:\/\/customcanerods.dk\/svensk\/wp-json\/wp\/v2\/media?parent=19"}],"curies":[{"name":"wp","href":"https:\/\/api.w.org\/{rel}","templated":true}]}}